{"id":26903,"date":"2023-03-14T17:19:05","date_gmt":"2023-03-14T23:19:05","guid":{"rendered":"https:\/\/gdu.com.mx\/escultura-urbana\/"},"modified":"2023-06-05T17:58:29","modified_gmt":"2023-06-05T23:58:29","slug":"urban-sculpture","status":"publish","type":"page","link":"https:\/\/gdu.com.mx\/en\/urban-sculpture\/","title":{"rendered":"Urban Sculpture"},"content":{"rendered":"<div class=\"wpb-content-wrapper\"><p>[vc_row css=&#8221;.vc_custom_1678806418616{margin-top: 120px !important;margin-bottom: 120px !important;}&#8221;][vc_column]<style>.gem-gallery-grid#style-69db830c58e83 .gallery-item { padding: calc(10px\/2) !important; }.gem-gallery-grid#style-69db830c58e83 .gallery-set { margin-top: calc(-10px\/2); margin-bottom: calc(-10px\/2); }.gem-gallery-grid#style-69db830c58e83 .not-fullwidth-block .gallery-set, .gem-gallery-grid#style-69db830c58e83 .not-fullwidth-block .portfolio-item-size-container { margin-left: calc(-10px\/2); margin-right: calc(-10px\/2); }.gem-gallery-grid#style-69db830c58e83 .fullwidth-block { padding-left: calc(10px\/2); padding-right: calc(10px\/2); }.gem-gallery-grid#style-69db830c58e83 .portfolio-filters { text-align: center }<\/style><div id=\"style-preloader-69db830c58e83\" class=\"preloader save-space\"><div class=\"preloader-spin\"><\/div><\/div> <div class=\"gallery-preloader-wrapper\"> <div class=\"row\"> <div id=\"style-69db830c58e83\" class=\"gem-gallery-grid col-lg-12 col-md-12 col-sm-12 gallery-style-metro hover-gradient loading-animation item-animation-bounce metro columns-4 columns-tablet-2 columns-mobile-1 without-padding metro-item-style-default \" data-hover=\"gradient\" data-uid=\"69db830c58e83\" data-filter=\"[]\"> <div class=\"portfolio not-fullwidth-block \"> <ul class=\"gallery-set clearfix\" data-max-row-height=\"280\"> <li class=\"gallery-item gallery-0 col-xs-12 col-sm-6 col-md-3 item-animations-not-inited single-icon post-26903 page type-page status-publish\" style=\"\"> <div class=\"wrap gem-wrapbox-style-default\"> <div class=\"overlay-wrap\"> <div class=\"image-wrap \"> <picture> <source srcset=\"https:\/\/gdu.com.mx\/wp-content\/uploads\/2023\/03\/01_BRL_FT19_ED_01-thegem-portfolio-metro.jpg 1x\" sizes=\"100vw\"> <img src=\"https:\/\/gdu.com.mx\/wp-content\/uploads\/2023\/03\/01_BRL_FT19_ED_01-thegem-portfolio-metro.jpg\" width=\"750\" height=\"500\" class=\"attachment-thegem-portfolio-metro\" alt=\"Elemento S\u00edmbolo\" \/> <\/picture> <\/div> <div class=\"overlay \"> <div class=\"overlay-circle\"><\/div> <a href=\"https:\/\/gdu.com.mx\/wp-content\/uploads\/2023\/03\/01_BRL_FT19_ED_01.jpg\" class=\"gallery-item-link fancy-gallery\" data-fancybox=\"gallery-69db830c58e83\" aria-label=\"Fullsize Image: Elemento S\u00edmbolo\"> <span class=\"slide-info\"> <span class=\"slide-info-title\"> Elemento S\u00edmbolo <\/span> <span class=\"slide-info-summary\"> Desarrollo Boreal. Chihuahua, M\u00e9xico. <\/span> <\/span> <\/a> <div class=\"overlay-content\"> <div class=\"overlay-content-center\"> <div class=\"overlay-content-inner\"> <a href=\"https:\/\/gdu.com.mx\/wp-content\/uploads\/2023\/03\/01_BRL_FT19_ED_01.jpg\" class=\"icon photo \" aria-label=\"Fullsize Image: Elemento S\u00edmbolo\"> <\/a> <div class=\"overlay-line\"><\/div> <div class=\"title\"> Elemento S\u00edmbolo <\/div> <div class=\"subtitle\"> Desarrollo Boreal. Chihuahua, M\u00e9xico. <\/div> <\/div> <\/div> <\/div> <\/div> <\/div> <\/div> <\/li> <li class=\"gallery-item gallery-0 col-xs-12 col-sm-6 col-md-3 item-animations-not-inited single-icon post-26903 page type-page status-publish\" style=\"\"> <div class=\"wrap gem-wrapbox-style-default\"> <div class=\"overlay-wrap\"> <div class=\"image-wrap \"> <picture> <source srcset=\"https:\/\/gdu.com.mx\/wp-content\/uploads\/2023\/03\/02Centro-Cultural-Mexiquense-Gabriel-Figueroa-2-thegem-portfolio-metro.jpg 1x\" sizes=\"100vw\"> <img src=\"https:\/\/gdu.com.mx\/wp-content\/uploads\/2023\/03\/02Centro-Cultural-Mexiquense-Gabriel-Figueroa-2-thegem-portfolio-metro.jpg\" width=\"623\" height=\"500\" class=\"attachment-thegem-portfolio-metro\" alt=\"Centro Cultural Mexiquense\" \/> <\/picture> <\/div> <div class=\"overlay \"> <div class=\"overlay-circle\"><\/div> <a href=\"https:\/\/gdu.com.mx\/wp-content\/uploads\/2023\/03\/02Centro-Cultural-Mexiquense-Gabriel-Figueroa-2.jpg\" class=\"gallery-item-link fancy-gallery\" data-fancybox=\"gallery-69db830c58e83\" aria-label=\"Fullsize Image: Centro Cultural Mexiquense\"> <span class=\"slide-info\"> <span class=\"slide-info-title\"> Centro Cultural Mexiquense <\/span> <span class=\"slide-info-summary\"> Toluca, Estado de M\u00e9xico. <\/span> <\/span> <\/a> <div class=\"overlay-content\"> <div class=\"overlay-content-center\"> <div class=\"overlay-content-inner\"> <a href=\"https:\/\/gdu.com.mx\/wp-content\/uploads\/2023\/03\/02Centro-Cultural-Mexiquense-Gabriel-Figueroa-2.jpg\" class=\"icon photo \" aria-label=\"Fullsize Image: Centro Cultural Mexiquense\"> <\/a> <div class=\"overlay-line\"><\/div> <div class=\"title\"> Centro Cultural Mexiquense <\/div> <div class=\"subtitle\"> Toluca, Estado de M\u00e9xico. <\/div> <\/div> <\/div> <\/div> <\/div> <\/div> <\/div> <\/li> <li class=\"gallery-item gallery-0 col-xs-12 col-sm-6 col-md-3 item-animations-not-inited single-icon post-26903 page type-page status-publish\" style=\"\"> <div class=\"wrap gem-wrapbox-style-default\"> <div class=\"overlay-wrap\"> <div class=\"image-wrap \"> <picture> <source srcset=\"https:\/\/gdu.com.mx\/wp-content\/uploads\/2023\/03\/03DJI_0005-thegem-portfolio-metro.jpg 1x\" sizes=\"100vw\"> <img src=\"https:\/\/gdu.com.mx\/wp-content\/uploads\/2023\/03\/03DJI_0005-thegem-portfolio-metro.jpg\" width=\"890\" height=\"500\" class=\"attachment-thegem-portfolio-metro\" alt=\"Torre de agua\" \/> <\/picture> <\/div> <div class=\"overlay \"> <div class=\"overlay-circle\"><\/div> <a href=\"https:\/\/gdu.com.mx\/wp-content\/uploads\/2023\/03\/03DJI_0005.jpg\" class=\"gallery-item-link fancy-gallery\" data-fancybox=\"gallery-69db830c58e83\" aria-label=\"Fullsize Image: Torre de agua\"> <span class=\"slide-info\"> <span class=\"slide-info-title\"> Torre de agua <\/span> <span class=\"slide-info-summary\"> Amanali Country Club & Nautica. Tepej\u00ed del R\u00edo, Hidalgo, M\u00e9xico. <\/span> <\/span> <\/a> <div class=\"overlay-content\"> <div class=\"overlay-content-center\"> <div class=\"overlay-content-inner\"> <a href=\"https:\/\/gdu.com.mx\/wp-content\/uploads\/2023\/03\/03DJI_0005.jpg\" class=\"icon photo \" aria-label=\"Fullsize Image: Torre de agua\"> <\/a> <div class=\"overlay-line\"><\/div> <div class=\"title\"> Torre de agua <\/div> <div class=\"subtitle\"> Amanali Country Club & Nautica. Tepej\u00ed del R\u00edo, Hidalgo, M\u00e9xico. <\/div> <\/div> <\/div> <\/div> <\/div> <\/div> <\/div> <\/li> <li class=\"gallery-item gallery-0 col-xs-12 col-sm-6 col-md-3 item-animations-not-inited single-icon post-26903 page type-page status-publish\" style=\"\"> <div class=\"wrap gem-wrapbox-style-default\"> <div class=\"overlay-wrap\"> <div class=\"image-wrap \"> <picture> <source srcset=\"https:\/\/gdu.com.mx\/wp-content\/uploads\/2023\/03\/04.1IMG_4887-thegem-portfolio-metro.jpg 1x\" sizes=\"100vw\"> <img src=\"https:\/\/gdu.com.mx\/wp-content\/uploads\/2023\/03\/04.1IMG_4887-thegem-portfolio-metro.jpg\" width=\"667\" height=\"500\" class=\"attachment-thegem-portfolio-metro\" alt=\"Escultura Fuente\" \/> <\/picture> <\/div> <div class=\"overlay \"> <div class=\"overlay-circle\"><\/div> <a href=\"https:\/\/gdu.com.mx\/wp-content\/uploads\/2023\/03\/04.1IMG_4887.jpg\" class=\"gallery-item-link fancy-gallery\" data-fancybox=\"gallery-69db830c58e83\" aria-label=\"Fullsize Image: Escultura Fuente\"> <span class=\"slide-info\"> <span class=\"slide-info-title\"> Escultura Fuente <\/span> <span class=\"slide-info-summary\"> Desarrollo Residencial Los Encinos. Monterrey, M\u00e9xico. <\/span> <\/span> <\/a> <div class=\"overlay-content\"> <div class=\"overlay-content-center\"> <div class=\"overlay-content-inner\"> <a href=\"https:\/\/gdu.com.mx\/wp-content\/uploads\/2023\/03\/04.1IMG_4887.jpg\" class=\"icon photo \" aria-label=\"Fullsize Image: Escultura Fuente\"> <\/a> <div class=\"overlay-line\"><\/div> <div class=\"title\"> Escultura Fuente <\/div> <div class=\"subtitle\"> Desarrollo Residencial Los Encinos. Monterrey, M\u00e9xico. <\/div> <\/div> <\/div> <\/div> <\/div> <\/div> <\/div> <\/li> <li class=\"gallery-item gallery-0 col-xs-12 col-sm-6 col-md-3 item-animations-not-inited single-icon post-26903 page type-page status-publish\" style=\"\"> <div class=\"wrap gem-wrapbox-style-default\"> <div class=\"overlay-wrap\"> <div class=\"image-wrap \"> <picture> <source srcset=\"https:\/\/gdu.com.mx\/wp-content\/uploads\/2023\/03\/04Escultura-los-Encinos-oct-2016-1-thegem-portfolio-metro.jpg 1x\" sizes=\"100vw\"> <img src=\"https:\/\/gdu.com.mx\/wp-content\/uploads\/2023\/03\/04Escultura-los-Encinos-oct-2016-1-thegem-portfolio-metro.jpg\" width=\"667\" height=\"500\" class=\"attachment-thegem-portfolio-metro\" alt=\"Escultura Fuente\" \/> <\/picture> <\/div> <div class=\"overlay \"> <div class=\"overlay-circle\"><\/div> <a href=\"https:\/\/gdu.com.mx\/wp-content\/uploads\/2023\/03\/04Escultura-los-Encinos-oct-2016-1.jpg\" class=\"gallery-item-link fancy-gallery\" data-fancybox=\"gallery-69db830c58e83\" aria-label=\"Fullsize Image: Escultura Fuente\"> <span class=\"slide-info\"> <span class=\"slide-info-title\"> Escultura Fuente <\/span> <span class=\"slide-info-summary\"> Desarrollo Residencial Los Encinos. Monterrey, M\u00e9xico. <\/span> <\/span> <\/a> <div class=\"overlay-content\"> <div class=\"overlay-content-center\"> <div class=\"overlay-content-inner\"> <a href=\"https:\/\/gdu.com.mx\/wp-content\/uploads\/2023\/03\/04Escultura-los-Encinos-oct-2016-1.jpg\" class=\"icon photo \" aria-label=\"Fullsize Image: Escultura Fuente\"> <\/a> <div class=\"overlay-line\"><\/div> <div class=\"title\"> Escultura Fuente <\/div> <div class=\"subtitle\"> Desarrollo Residencial Los Encinos. Monterrey, M\u00e9xico. <\/div> <\/div> <\/div> <\/div> <\/div> <\/div> <\/div> <\/li> <li class=\"gallery-item gallery-0 col-xs-12 col-sm-6 col-md-3 item-animations-not-inited single-icon post-26903 page type-page status-publish\" style=\"\"> <div class=\"wrap gem-wrapbox-style-default\"> <div class=\"overlay-wrap\"> <div class=\"image-wrap \"> <picture> <source srcset=\"https:\/\/gdu.com.mx\/wp-content\/uploads\/2023\/03\/05IMG_1153-thegem-portfolio-metro.jpg 1x\" sizes=\"100vw\"> <img src=\"https:\/\/gdu.com.mx\/wp-content\/uploads\/2023\/03\/05IMG_1153-thegem-portfolio-metro.jpg\" width=\"750\" height=\"500\" class=\"attachment-thegem-portfolio-metro\" alt=\"Torre de Agua\" \/> <\/picture> <\/div> <div class=\"overlay \"> <div class=\"overlay-circle\"><\/div> <a href=\"https:\/\/gdu.com.mx\/wp-content\/uploads\/2023\/03\/05IMG_1153.jpg\" class=\"gallery-item-link fancy-gallery\" data-fancybox=\"gallery-69db830c58e83\" aria-label=\"Fullsize Image: Torre de Agua\"> <span class=\"slide-info\"> <span class=\"slide-info-title\"> Torre de Agua <\/span> <span class=\"slide-info-summary\"> Parque Bicentenario. San Luis Potos\u00ed, M\u00e9xico. <\/span> <\/span> <\/a> <div class=\"overlay-content\"> <div class=\"overlay-content-center\"> <div class=\"overlay-content-inner\"> <a href=\"https:\/\/gdu.com.mx\/wp-content\/uploads\/2023\/03\/05IMG_1153.jpg\" class=\"icon photo \" aria-label=\"Fullsize Image: Torre de Agua\"> <\/a> <div class=\"overlay-line\"><\/div> <div class=\"title\"> Torre de Agua <\/div> <div class=\"subtitle\"> Parque Bicentenario. San Luis Potos\u00ed, M\u00e9xico. <\/div> <\/div> <\/div> <\/div> <\/div> <\/div> <\/div> <\/li> <li class=\"gallery-item gallery-0 col-xs-12 col-sm-6 col-md-3 item-animations-not-inited single-icon post-26903 page type-page status-publish\" style=\"\"> <div class=\"wrap gem-wrapbox-style-default\"> <div class=\"overlay-wrap\"> <div class=\"image-wrap \"> <picture> <source srcset=\"https:\/\/gdu.com.mx\/wp-content\/uploads\/2023\/03\/06Paseos-del-Carmen-Pedro-Hiriart-27-thegem-portfolio-metro.jpg 1x\" sizes=\"100vw\"> <img src=\"https:\/\/gdu.com.mx\/wp-content\/uploads\/2023\/03\/06Paseos-del-Carmen-Pedro-Hiriart-27-thegem-portfolio-metro.jpg\" width=\"666\" height=\"500\" class=\"attachment-thegem-portfolio-metro\" alt=\"Escultura T\u00f3tem\" \/> <\/picture> <\/div> <div class=\"overlay \"> <div class=\"overlay-circle\"><\/div> <a href=\"https:\/\/gdu.com.mx\/wp-content\/uploads\/2023\/03\/06Paseos-del-Carmen-Pedro-Hiriart-27.jpg\" class=\"gallery-item-link fancy-gallery\" data-fancybox=\"gallery-69db830c58e83\" aria-label=\"Fullsize Image: Escultura T\u00f3tem\"> <span class=\"slide-info\"> <span class=\"slide-info-title\"> Escultura T\u00f3tem <\/span> <span class=\"slide-info-summary\"> Paseos del Carmen Shopping Mall. San Luis Potos\u00ed, M\u00e9xico <\/span> <\/span> <\/a> <div class=\"overlay-content\"> <div class=\"overlay-content-center\"> <div class=\"overlay-content-inner\"> <a href=\"https:\/\/gdu.com.mx\/wp-content\/uploads\/2023\/03\/06Paseos-del-Carmen-Pedro-Hiriart-27.jpg\" class=\"icon photo \" aria-label=\"Fullsize Image: Escultura T\u00f3tem\"> <\/a> <div class=\"overlay-line\"><\/div> <div class=\"title\"> Escultura T\u00f3tem <\/div> <div class=\"subtitle\"> Paseos del Carmen Shopping Mall. San Luis Potos\u00ed, M\u00e9xico <\/div> <\/div> <\/div> <\/div> <\/div> <\/div> <\/div> <\/li> <li class=\"gallery-item gallery-0 col-xs-12 col-sm-6 col-md-3 item-animations-not-inited single-icon post-26903 page type-page status-publish\" style=\"\"> <div class=\"wrap gem-wrapbox-style-default\"> <div class=\"overlay-wrap\"> <div class=\"image-wrap \"> <picture> <source srcset=\"https:\/\/gdu.com.mx\/wp-content\/uploads\/2023\/03\/07Tecnoparque-Jorge-Almanza-1-thegem-portfolio-metro.jpg 1x\" sizes=\"100vw\"> <img src=\"https:\/\/gdu.com.mx\/wp-content\/uploads\/2023\/03\/07Tecnoparque-Jorge-Almanza-1-thegem-portfolio-metro.jpg\" width=\"400\" height=\"500\" class=\"attachment-thegem-portfolio-metro\" alt=\"Escultura\" \/> <\/picture> <\/div> <div class=\"overlay \"> <div class=\"overlay-circle\"><\/div> <a href=\"https:\/\/gdu.com.mx\/wp-content\/uploads\/2023\/03\/07Tecnoparque-Jorge-Almanza-1.jpg\" class=\"gallery-item-link fancy-gallery\" data-fancybox=\"gallery-69db830c58e83\" aria-label=\"Fullsize Image: Escultura\"> <span class=\"slide-info\"> <span class=\"slide-info-title\"> Escultura <\/span> <span class=\"slide-info-summary\"> Tecnoparque Centro Corporativo. Azcapotzalco, CDMX. <\/span> <\/span> <\/a> <div class=\"overlay-content\"> <div class=\"overlay-content-center\"> <div class=\"overlay-content-inner\"> <a href=\"https:\/\/gdu.com.mx\/wp-content\/uploads\/2023\/03\/07Tecnoparque-Jorge-Almanza-1.jpg\" class=\"icon photo \" aria-label=\"Fullsize Image: Escultura\"> <\/a> <div class=\"overlay-line\"><\/div> <div class=\"title\"> Escultura <\/div> <div class=\"subtitle\"> Tecnoparque Centro Corporativo. Azcapotzalco, CDMX. <\/div> <\/div> <\/div> <\/div> <\/div> <\/div> <\/div> <\/li> <\/ul> <div class=\"portfolio-item-size-container\"> <li class=\"gallery-item size-item col-xs-12 col-sm-6 col-md-3 post-26903 page type-page status-publish\" style=\"\"> <\/li> <\/div> <\/div> <\/div> <\/div> <\/div>[\/vc_column][\/vc_row]<\/p>\n<\/div>","protected":false},"excerpt":{"rendered":"<p>[vc_row css=&#8221;.vc_custom_1678806418616{margin-top: 120px !important;margin-bottom: 120px !important;}&#8221;][vc_column][\/vc_column][\/vc_row]<\/p>\n","protected":false},"author":2,"featured_media":0,"parent":0,"menu_order":0,"comment_status":"closed","ping_status":"closed","template":"","meta":{"footnotes":""},"class_list":["post-26903","page","type-page","status-publish"],"_links":{"self":[{"href":"https:\/\/gdu.com.mx\/en\/wp-json\/wp\/v2\/pages\/26903","targetHints":{"allow":["GET"]}}],"collection":[{"href":"https:\/\/gdu.com.mx\/en\/wp-json\/wp\/v2\/pages"}],"about":[{"href":"https:\/\/gdu.com.mx\/en\/wp-json\/wp\/v2\/types\/page"}],"author":[{"embeddable":true,"href":"https:\/\/gdu.com.mx\/en\/wp-json\/wp\/v2\/users\/2"}],"replies":[{"embeddable":true,"href":"https:\/\/gdu.com.mx\/en\/wp-json\/wp\/v2\/comments?post=26903"}],"version-history":[{"count":0,"href":"https:\/\/gdu.com.mx\/en\/wp-json\/wp\/v2\/pages\/26903\/revisions"}],"wp:attachment":[{"href":"https:\/\/gdu.com.mx\/en\/wp-json\/wp\/v2\/media?parent=26903"}],"curies":[{"name":"wp","href":"https:\/\/api.w.org\/{rel}","templated":true}]}}