{"id":26901,"date":"2023-03-14T18:24:21","date_gmt":"2023-03-15T00:24:21","guid":{"rendered":"https:\/\/gdu.com.mx\/puentes\/"},"modified":"2023-06-05T17:55:16","modified_gmt":"2023-06-05T23:55:16","slug":"bridges","status":"publish","type":"page","link":"https:\/\/gdu.com.mx\/en\/bridges\/","title":{"rendered":"Bridges"},"content":{"rendered":"<div class=\"wpb-content-wrapper\"><p>[vc_row css=&#8221;.vc_custom_1678806418616{margin-top: 120px !important;margin-bottom: 120px !important;}&#8221;][vc_column]<style>.gem-gallery-grid#style-69db71af15ee4 .gallery-item { padding: calc(10px\/2) !important; }.gem-gallery-grid#style-69db71af15ee4 .gallery-set { margin-top: calc(-10px\/2); margin-bottom: calc(-10px\/2); }.gem-gallery-grid#style-69db71af15ee4 .not-fullwidth-block .gallery-set, .gem-gallery-grid#style-69db71af15ee4 .not-fullwidth-block .portfolio-item-size-container { margin-left: calc(-10px\/2); margin-right: calc(-10px\/2); }.gem-gallery-grid#style-69db71af15ee4 .fullwidth-block { padding-left: calc(10px\/2); padding-right: calc(10px\/2); }.gem-gallery-grid#style-69db71af15ee4 .portfolio-filters { text-align: center }<\/style><div id=\"style-preloader-69db71af15ee4\" class=\"preloader save-space\"><div class=\"preloader-spin\"><\/div><\/div> <div class=\"gallery-preloader-wrapper\"> <div class=\"row\"> <div id=\"style-69db71af15ee4\" class=\"gem-gallery-grid col-lg-12 col-md-12 col-sm-12 gallery-style-metro hover-gradient loading-animation item-animation-bounce metro columns-4 columns-tablet-2 columns-mobile-1 without-padding metro-item-style-default \" data-hover=\"gradient\" data-uid=\"69db71af15ee4\" data-filter=\"[]\"> <div class=\"portfolio not-fullwidth-block \"> <ul class=\"gallery-set clearfix\" data-max-row-height=\"280\"> <li class=\"gallery-item gallery-0 col-xs-12 col-sm-6 col-md-3 item-animations-not-inited single-icon post-26901 page type-page status-publish\" style=\"\"> <div class=\"wrap gem-wrapbox-style-default\"> <div class=\"overlay-wrap\"> <div class=\"image-wrap \"> <picture> <source srcset=\"https:\/\/gdu.com.mx\/wp-content\/uploads\/2023\/03\/01CHAPULCO-FRANCISCO-GOMEZ-SOSA-100-thegem-portfolio-metro.jpg 1x\" sizes=\"100vw\"> <img src=\"https:\/\/gdu.com.mx\/wp-content\/uploads\/2023\/03\/01CHAPULCO-FRANCISCO-GOMEZ-SOSA-100-thegem-portfolio-metro.jpg\" width=\"750\" height=\"500\" class=\"attachment-thegem-portfolio-metro\" alt=\"Puente Peatonal\" \/> <\/picture> <\/div> <div class=\"overlay \"> <div class=\"overlay-circle\"><\/div> <a href=\"https:\/\/gdu.com.mx\/wp-content\/uploads\/2023\/03\/01CHAPULCO-FRANCISCO-GOMEZ-SOSA-100.jpg\" class=\"gallery-item-link fancy-gallery\" data-fancybox=\"gallery-69db71af15ee4\" aria-label=\"Fullsize Image: Puente Peatonal\"> <span class=\"slide-info\"> <span class=\"slide-info-title\"> Puente Peatonal <\/span> <span class=\"slide-info-summary\"> Parque Metropolitano Laguna de Chapulco. Puebla, M\u00e9xico. <\/span> <\/span> <\/a> <div class=\"overlay-content\"> <div class=\"overlay-content-center\"> <div class=\"overlay-content-inner\"> <a href=\"https:\/\/gdu.com.mx\/wp-content\/uploads\/2023\/03\/01CHAPULCO-FRANCISCO-GOMEZ-SOSA-100.jpg\" class=\"icon photo \" aria-label=\"Fullsize Image: Puente Peatonal\"> <\/a> <div class=\"overlay-line\"><\/div> <div class=\"title\"> Puente Peatonal <\/div> <div class=\"subtitle\"> Parque Metropolitano Laguna de Chapulco. Puebla, M\u00e9xico. <\/div> <\/div> <\/div> <\/div> <\/div> <\/div> <\/div> <\/li> <li class=\"gallery-item gallery-0 col-xs-12 col-sm-6 col-md-3 item-animations-not-inited single-icon post-26901 page type-page status-publish\" style=\"\"> <div class=\"wrap gem-wrapbox-style-default\"> <div class=\"overlay-wrap\"> <div class=\"image-wrap \"> <picture> <source srcset=\"https:\/\/gdu.com.mx\/wp-content\/uploads\/2023\/03\/02Cortadura-Francisco-Gomez-Sosa-21-thegem-portfolio-metro.jpg 1x\" sizes=\"100vw\"> <img src=\"https:\/\/gdu.com.mx\/wp-content\/uploads\/2023\/03\/02Cortadura-Francisco-Gomez-Sosa-21-thegem-portfolio-metro.jpg\" width=\"750\" height=\"500\" class=\"attachment-thegem-portfolio-metro\" alt=\"Puente Peatonal\" \/> <\/picture> <\/div> <div class=\"overlay \"> <div class=\"overlay-circle\"><\/div> <a href=\"https:\/\/gdu.com.mx\/wp-content\/uploads\/2023\/03\/02Cortadura-Francisco-Gomez-Sosa-21.jpg\" class=\"gallery-item-link fancy-gallery\" data-fancybox=\"gallery-69db71af15ee4\" aria-label=\"Fullsize Image: Puente Peatonal\"> <span class=\"slide-info\"> <span class=\"slide-info-title\"> Puente Peatonal <\/span> <span class=\"slide-info-summary\"> Canal de la Cortadura. Tampico, Tamaulipas, M\u00e9xico. <\/span> <\/span> <\/a> <div class=\"overlay-content\"> <div class=\"overlay-content-center\"> <div class=\"overlay-content-inner\"> <a href=\"https:\/\/gdu.com.mx\/wp-content\/uploads\/2023\/03\/02Cortadura-Francisco-Gomez-Sosa-21.jpg\" class=\"icon photo \" aria-label=\"Fullsize Image: Puente Peatonal\"> <\/a> <div class=\"overlay-line\"><\/div> <div class=\"title\"> Puente Peatonal <\/div> <div class=\"subtitle\"> Canal de la Cortadura. Tampico, Tamaulipas, M\u00e9xico. <\/div> <\/div> <\/div> <\/div> <\/div> <\/div> <\/div> <\/li> <li class=\"gallery-item gallery-0 col-xs-12 col-sm-6 col-md-3 item-animations-not-inited single-icon post-26901 page type-page status-publish\" style=\"\"> <div class=\"wrap gem-wrapbox-style-default\"> <div class=\"overlay-wrap\"> <div class=\"image-wrap \"> <picture> <source srcset=\"https:\/\/gdu.com.mx\/wp-content\/uploads\/2023\/03\/03DJI_0901-thegem-portfolio-metro.jpg 1x\" sizes=\"100vw\"> <img src=\"https:\/\/gdu.com.mx\/wp-content\/uploads\/2023\/03\/03DJI_0901-thegem-portfolio-metro.jpg\" width=\"605\" height=\"500\" class=\"attachment-thegem-portfolio-metro\" alt=\"Puente Peatonal\" \/> <\/picture> <\/div> <div class=\"overlay \"> <div class=\"overlay-circle\"><\/div> <a href=\"https:\/\/gdu.com.mx\/wp-content\/uploads\/2023\/03\/03DJI_0901.jpg\" class=\"gallery-item-link fancy-gallery\" data-fancybox=\"gallery-69db71af15ee4\" aria-label=\"Fullsize Image: Puente Peatonal\"> <span class=\"slide-info\"> <span class=\"slide-info-title\"> Puente Peatonal <\/span> <span class=\"slide-info-summary\"> Parque El Capit\u00e1n. San Pedro Garza Garc\u00eda, Monterrey, M\u00e9xico. <\/span> <\/span> <\/a> <div class=\"overlay-content\"> <div class=\"overlay-content-center\"> <div class=\"overlay-content-inner\"> <a href=\"https:\/\/gdu.com.mx\/wp-content\/uploads\/2023\/03\/03DJI_0901.jpg\" class=\"icon photo \" aria-label=\"Fullsize Image: Puente Peatonal\"> <\/a> <div class=\"overlay-line\"><\/div> <div class=\"title\"> Puente Peatonal <\/div> <div class=\"subtitle\"> Parque El Capit\u00e1n. San Pedro Garza Garc\u00eda, Monterrey, M\u00e9xico. <\/div> <\/div> <\/div> <\/div> <\/div> <\/div> <\/div> <\/li> <li class=\"gallery-item gallery-0 col-xs-12 col-sm-6 col-md-3 item-animations-not-inited single-icon post-26901 page type-page status-publish\" style=\"\"> <div class=\"wrap gem-wrapbox-style-default\"> <div class=\"overlay-wrap\"> <div class=\"image-wrap \"> <picture> <source srcset=\"https:\/\/gdu.com.mx\/wp-content\/uploads\/2023\/03\/04FGS-CC-29-IMG_5912-thegem-portfolio-metro.jpg 1x\" sizes=\"100vw\"> <img src=\"https:\/\/gdu.com.mx\/wp-content\/uploads\/2023\/03\/04FGS-CC-29-IMG_5912-thegem-portfolio-metro.jpg\" width=\"750\" height=\"500\" class=\"attachment-thegem-portfolio-metro\" alt=\"Puente Peatonal, 2da etapa\" \/> <\/picture> <\/div> <div class=\"overlay \"> <div class=\"overlay-circle\"><\/div> <a href=\"https:\/\/gdu.com.mx\/wp-content\/uploads\/2023\/03\/04FGS-CC-29-IMG_5912.jpg\" class=\"gallery-item-link fancy-gallery\" data-fancybox=\"gallery-69db71af15ee4\" aria-label=\"Fullsize Image: Puente Peatonal, 2da etapa\"> <span class=\"slide-info\"> <span class=\"slide-info-title\"> Puente Peatonal, 2da etapa. <\/span> <span class=\"slide-info-summary\"> Canal de la Cortadura. Tampico, Tamaulipas, M\u00e9xico. <\/span> <\/span> <\/a> <div class=\"overlay-content\"> <div class=\"overlay-content-center\"> <div class=\"overlay-content-inner\"> <a href=\"https:\/\/gdu.com.mx\/wp-content\/uploads\/2023\/03\/04FGS-CC-29-IMG_5912.jpg\" class=\"icon photo \" aria-label=\"Fullsize Image: Puente Peatonal, 2da etapa\"> <\/a> <div class=\"overlay-line\"><\/div> <div class=\"title\"> Puente Peatonal, 2da etapa. <\/div> <div class=\"subtitle\"> Canal de la Cortadura. Tampico, Tamaulipas, M\u00e9xico. <\/div> <\/div> <\/div> <\/div> <\/div> <\/div> <\/div> <\/li> <li class=\"gallery-item gallery-0 col-xs-12 col-sm-6 col-md-3 item-animations-not-inited single-icon post-26901 page type-page status-publish\" style=\"\"> <div class=\"wrap gem-wrapbox-style-default\"> <div class=\"overlay-wrap\"> <div class=\"image-wrap \"> <picture> <source srcset=\"https:\/\/gdu.com.mx\/wp-content\/uploads\/2023\/03\/05-2-thegem-portfolio-metro.jpg 1x\" sizes=\"100vw\"> <img src=\"https:\/\/gdu.com.mx\/wp-content\/uploads\/2023\/03\/05-2-thegem-portfolio-metro.jpg\" width=\"750\" height=\"500\" class=\"attachment-thegem-portfolio-metro\" alt=\"Puente Chinampa\" \/> <\/picture> <\/div> <div class=\"overlay \"> <div class=\"overlay-circle\"><\/div> <a href=\"https:\/\/gdu.com.mx\/wp-content\/uploads\/2023\/03\/05-2.jpg\" class=\"gallery-item-link fancy-gallery\" data-fancybox=\"gallery-69db71af15ee4\" aria-label=\"Fullsize Image: Puente Chinampa\"> <span class=\"slide-info\"> <span class=\"slide-info-title\"> Puente Chinampa <\/span> <span class=\"slide-info-summary\"> Jard\u00edn Natura, Parque Bicentenario. Azcapotzalco, CDMX. <\/span> <\/span> <\/a> <div class=\"overlay-content\"> <div class=\"overlay-content-center\"> <div class=\"overlay-content-inner\"> <a href=\"https:\/\/gdu.com.mx\/wp-content\/uploads\/2023\/03\/05-2.jpg\" class=\"icon photo \" aria-label=\"Fullsize Image: Puente Chinampa\"> <\/a> <div class=\"overlay-line\"><\/div> <div class=\"title\"> Puente Chinampa <\/div> <div class=\"subtitle\"> Jard\u00edn Natura, Parque Bicentenario. Azcapotzalco, CDMX. <\/div> <\/div> <\/div> <\/div> <\/div> <\/div> <\/div> <\/li> <li class=\"gallery-item gallery-0 col-xs-12 col-sm-6 col-md-3 item-animations-not-inited single-icon post-26901 page type-page status-publish\" style=\"\"> <div class=\"wrap gem-wrapbox-style-default\"> <div class=\"overlay-wrap\"> <div class=\"image-wrap \"> <picture> <source srcset=\"https:\/\/gdu.com.mx\/wp-content\/uploads\/2023\/03\/06IMG_0348-thegem-portfolio-metro.jpg 1x\" sizes=\"100vw\"> <img src=\"https:\/\/gdu.com.mx\/wp-content\/uploads\/2023\/03\/06IMG_0348-thegem-portfolio-metro.jpg\" width=\"750\" height=\"500\" class=\"attachment-thegem-portfolio-metro\" alt=\"Puente Peatonal\" \/> <\/picture> <\/div> <div class=\"overlay \"> <div class=\"overlay-circle\"><\/div> <a href=\"https:\/\/gdu.com.mx\/wp-content\/uploads\/2023\/03\/06IMG_0348.jpg\" class=\"gallery-item-link fancy-gallery\" data-fancybox=\"gallery-69db71af15ee4\" aria-label=\"Fullsize Image: Puente Peatonal\"> <span class=\"slide-info\"> <span class=\"slide-info-title\"> Puente Peatonal <\/span> <span class=\"slide-info-summary\"> Tecnoparque Campus Corporativo. Azcapotzalco, CDMX. <\/span> <\/span> <\/a> <div class=\"overlay-content\"> <div class=\"overlay-content-center\"> <div class=\"overlay-content-inner\"> <a href=\"https:\/\/gdu.com.mx\/wp-content\/uploads\/2023\/03\/06IMG_0348.jpg\" class=\"icon photo \" aria-label=\"Fullsize Image: Puente Peatonal\"> <\/a> <div class=\"overlay-line\"><\/div> <div class=\"title\"> Puente Peatonal <\/div> <div class=\"subtitle\"> Tecnoparque Campus Corporativo. Azcapotzalco, CDMX. <\/div> <\/div> <\/div> <\/div> <\/div> <\/div> <\/div> <\/li> <li class=\"gallery-item gallery-0 col-xs-12 col-sm-6 col-md-3 item-animations-not-inited single-icon post-26901 page type-page status-publish\" style=\"\"> <div class=\"wrap gem-wrapbox-style-default\"> <div class=\"overlay-wrap\"> <div class=\"image-wrap \"> <picture> <source srcset=\"https:\/\/gdu.com.mx\/wp-content\/uploads\/2023\/03\/07-1-thegem-portfolio-metro.jpg 1x\" sizes=\"100vw\"> <img src=\"https:\/\/gdu.com.mx\/wp-content\/uploads\/2023\/03\/07-1-thegem-portfolio-metro.jpg\" width=\"667\" height=\"500\" class=\"attachment-thegem-portfolio-metro\" alt=\"Puente Peatonal\" \/> <\/picture> <\/div> <div class=\"overlay \"> <div class=\"overlay-circle\"><\/div> <a href=\"https:\/\/gdu.com.mx\/wp-content\/uploads\/2023\/03\/07-1.jpg\" class=\"gallery-item-link fancy-gallery\" data-fancybox=\"gallery-69db71af15ee4\" aria-label=\"Fullsize Image: Puente Peatonal\"> <span class=\"slide-info\"> <span class=\"slide-info-title\"> Puente Peatonal <\/span> <span class=\"slide-info-summary\"> Parque Bicentenario. Toluca, M\u00e9xico. <\/span> <\/span> <\/a> <div class=\"overlay-content\"> <div class=\"overlay-content-center\"> <div class=\"overlay-content-inner\"> <a href=\"https:\/\/gdu.com.mx\/wp-content\/uploads\/2023\/03\/07-1.jpg\" class=\"icon photo \" aria-label=\"Fullsize Image: Puente Peatonal\"> <\/a> <div class=\"overlay-line\"><\/div> <div class=\"title\"> Puente Peatonal <\/div> <div class=\"subtitle\"> Parque Bicentenario. Toluca, M\u00e9xico. <\/div> <\/div> <\/div> <\/div> <\/div> <\/div> <\/div> <\/li> <li class=\"gallery-item gallery-0 col-xs-12 col-sm-6 col-md-3 item-animations-not-inited single-icon post-26901 page type-page status-publish\" style=\"\"> <div class=\"wrap gem-wrapbox-style-default\"> <div class=\"overlay-wrap\"> <div class=\"image-wrap \"> <picture> <source srcset=\"https:\/\/gdu.com.mx\/wp-content\/uploads\/2023\/03\/08-1-thegem-portfolio-metro.jpg 1x\" sizes=\"100vw\"> <img src=\"https:\/\/gdu.com.mx\/wp-content\/uploads\/2023\/03\/08-1-thegem-portfolio-metro.jpg\" width=\"667\" height=\"500\" class=\"attachment-thegem-portfolio-metro\" alt=\"Puente Colgante Peatonal\" \/> <\/picture> <\/div> <div class=\"overlay \"> <div class=\"overlay-circle\"><\/div> <a href=\"https:\/\/gdu.com.mx\/wp-content\/uploads\/2023\/03\/08-1.jpg\" class=\"gallery-item-link fancy-gallery\" data-fancybox=\"gallery-69db71af15ee4\" aria-label=\"Fullsize Image: Puente Colgante Peatonal\"> <span class=\"slide-info\"> <span class=\"slide-info-title\"> Puente Colgante Peatonal <\/span> <span class=\"slide-info-summary\"> Gran Parque Ecol\u00f3gico Zacatecas. Zacatecas, M\u00e9xico. <\/span> <\/span> <\/a> <div class=\"overlay-content\"> <div class=\"overlay-content-center\"> <div class=\"overlay-content-inner\"> <a href=\"https:\/\/gdu.com.mx\/wp-content\/uploads\/2023\/03\/08-1.jpg\" class=\"icon photo \" aria-label=\"Fullsize Image: Puente Colgante Peatonal\"> <\/a> <div class=\"overlay-line\"><\/div> <div class=\"title\"> Puente Colgante Peatonal <\/div> <div class=\"subtitle\"> Gran Parque Ecol\u00f3gico Zacatecas. Zacatecas, M\u00e9xico. <\/div> <\/div> <\/div> <\/div> <\/div> <\/div> <\/div> <\/li> <\/ul> <div class=\"portfolio-item-size-container\"> <li class=\"gallery-item size-item col-xs-12 col-sm-6 col-md-3 post-26901 page type-page status-publish\" style=\"\"> <\/li> <\/div> <\/div> <\/div> <\/div> <\/div>[\/vc_column][\/vc_row]<\/p>\n<\/div>","protected":false},"excerpt":{"rendered":"<p>[vc_row css=&#8221;.vc_custom_1678806418616{margin-top: 120px !important;margin-bottom: 120px !important;}&#8221;][vc_column][\/vc_column][\/vc_row]<\/p>\n","protected":false},"author":2,"featured_media":0,"parent":0,"menu_order":0,"comment_status":"closed","ping_status":"closed","template":"","meta":{"footnotes":""},"class_list":["post-26901","page","type-page","status-publish"],"_links":{"self":[{"href":"https:\/\/gdu.com.mx\/en\/wp-json\/wp\/v2\/pages\/26901","targetHints":{"allow":["GET"]}}],"collection":[{"href":"https:\/\/gdu.com.mx\/en\/wp-json\/wp\/v2\/pages"}],"about":[{"href":"https:\/\/gdu.com.mx\/en\/wp-json\/wp\/v2\/types\/page"}],"author":[{"embeddable":true,"href":"https:\/\/gdu.com.mx\/en\/wp-json\/wp\/v2\/users\/2"}],"replies":[{"embeddable":true,"href":"https:\/\/gdu.com.mx\/en\/wp-json\/wp\/v2\/comments?post=26901"}],"version-history":[{"count":0,"href":"https:\/\/gdu.com.mx\/en\/wp-json\/wp\/v2\/pages\/26901\/revisions"}],"wp:attachment":[{"href":"https:\/\/gdu.com.mx\/en\/wp-json\/wp\/v2\/media?parent=26901"}],"curies":[{"name":"wp","href":"https:\/\/api.w.org\/{rel}","templated":true}]}}