{"id":26898,"date":"2023-03-14T18:20:32","date_gmt":"2023-03-15T00:20:32","guid":{"rendered":"https:\/\/gdu.com.mx\/plazas\/"},"modified":"2023-06-05T17:52:14","modified_gmt":"2023-06-05T23:52:14","slug":"plazas","status":"publish","type":"page","link":"https:\/\/gdu.com.mx\/en\/plazas\/","title":{"rendered":"Plazas"},"content":{"rendered":"<div class=\"wpb-content-wrapper\"><p>[vc_row css=&#8221;.vc_custom_1678806418616{margin-top: 120px !important;margin-bottom: 120px !important;}&#8221;][vc_column]<style>.gem-gallery-grid#style-69debfc2681d2 .gallery-item { padding: calc(10px\/2) !important; }.gem-gallery-grid#style-69debfc2681d2 .gallery-set { margin-top: calc(-10px\/2); margin-bottom: calc(-10px\/2); }.gem-gallery-grid#style-69debfc2681d2 .not-fullwidth-block .gallery-set, .gem-gallery-grid#style-69debfc2681d2 .not-fullwidth-block .portfolio-item-size-container { margin-left: calc(-10px\/2); margin-right: calc(-10px\/2); }.gem-gallery-grid#style-69debfc2681d2 .fullwidth-block { padding-left: calc(10px\/2); padding-right: calc(10px\/2); }.gem-gallery-grid#style-69debfc2681d2 .portfolio-filters { text-align: center }<\/style><div id=\"style-preloader-69debfc2681d2\" class=\"preloader save-space\"><div class=\"preloader-spin\"><\/div><\/div> <div class=\"gallery-preloader-wrapper\"> <div class=\"row\"> <div id=\"style-69debfc2681d2\" class=\"gem-gallery-grid col-lg-12 col-md-12 col-sm-12 gallery-style-metro hover-gradient loading-animation item-animation-bounce metro columns-4 columns-tablet-2 columns-mobile-1 without-padding metro-item-style-default \" data-hover=\"gradient\" data-uid=\"69debfc2681d2\" data-filter=\"[]\"> <div class=\"portfolio not-fullwidth-block \"> <ul class=\"gallery-set clearfix\" data-max-row-height=\"280\"> <li class=\"gallery-item gallery-0 col-xs-12 col-sm-6 col-md-3 item-animations-not-inited single-icon post-26898 page type-page status-publish\" style=\"\"> <div class=\"wrap gem-wrapbox-style-default\"> <div class=\"overlay-wrap\"> <div class=\"image-wrap \"> <picture> <source srcset=\"https:\/\/gdu.com.mx\/wp-content\/uploads\/2023\/03\/13Panorama-60x20-4-thegem-portfolio-metro.jpg 1x\" sizes=\"100vw\"> <img src=\"https:\/\/gdu.com.mx\/wp-content\/uploads\/2023\/03\/13Panorama-60x20-4-thegem-portfolio-metro.jpg\" width=\"1216\" height=\"500\" class=\"attachment-thegem-portfolio-metro\" alt=\"Azotea \/ Roof Garden\" \/> <\/picture> <\/div> <div class=\"overlay \"> <div class=\"overlay-circle\"><\/div> <a href=\"https:\/\/gdu.com.mx\/wp-content\/uploads\/2023\/03\/13Panorama-60x20-4.jpg\" class=\"gallery-item-link fancy-gallery\" data-fancybox=\"gallery-69debfc2681d2\" aria-label=\"Fullsize Image: Azotea \/ Roof Garden\"> <span class=\"slide-info\"> <span class=\"slide-info-title\"> Azotea \/ Roof Garden <\/span> <span class=\"slide-info-summary\"> Plaza Bugambilias Shopping Mall. Cuernavaca, Morelos, M\u00e9xico. <\/span> <\/span> <\/a> <div class=\"overlay-content\"> <div class=\"overlay-content-center\"> <div class=\"overlay-content-inner\"> <a href=\"https:\/\/gdu.com.mx\/wp-content\/uploads\/2023\/03\/13Panorama-60x20-4.jpg\" class=\"icon photo \" aria-label=\"Fullsize Image: Azotea \/ Roof Garden\"> <\/a> <div class=\"overlay-line\"><\/div> <div class=\"title\"> Azotea \/ Roof Garden <\/div> <div class=\"subtitle\"> Plaza Bugambilias Shopping Mall. Cuernavaca, Morelos, M\u00e9xico. <\/div> <\/div> <\/div> <\/div> <\/div> <\/div> <\/div> <\/li> <li class=\"gallery-item gallery-0 col-xs-12 col-sm-6 col-md-3 item-animations-not-inited single-icon post-26898 page type-page status-publish\" style=\"\"> <div class=\"wrap gem-wrapbox-style-default\"> <div class=\"overlay-wrap\"> <div class=\"image-wrap \"> <picture> <source srcset=\"https:\/\/gdu.com.mx\/wp-content\/uploads\/2023\/03\/14PEX-DJI_01-thegem-portfolio-metro.jpg 1x\" sizes=\"100vw\"> <img src=\"https:\/\/gdu.com.mx\/wp-content\/uploads\/2023\/03\/14PEX-DJI_01-thegem-portfolio-metro.jpg\" width=\"890\" height=\"500\" class=\"attachment-thegem-portfolio-metro\" alt=\"Plaza de Acceso\" \/> <\/picture> <\/div> <div class=\"overlay \"> <div class=\"overlay-circle\"><\/div> <a href=\"https:\/\/gdu.com.mx\/wp-content\/uploads\/2023\/03\/14PEX-DJI_01.jpg\" class=\"gallery-item-link fancy-gallery\" data-fancybox=\"gallery-69debfc2681d2\" aria-label=\"Fullsize Image: Plaza de Acceso\"> <span class=\"slide-info\"> <span class=\"slide-info-title\"> Plaza de Acceso <\/span> <span class=\"slide-info-summary\"> Rehabilitaci\u00f3n Parque Ecol\u00f3gico Xochimilco. CDMX. <\/span> <\/span> <\/a> <div class=\"overlay-content\"> <div class=\"overlay-content-center\"> <div class=\"overlay-content-inner\"> <a href=\"https:\/\/gdu.com.mx\/wp-content\/uploads\/2023\/03\/14PEX-DJI_01.jpg\" class=\"icon photo \" aria-label=\"Fullsize Image: Plaza de Acceso\"> <\/a> <div class=\"overlay-line\"><\/div> <div class=\"title\"> Plaza de Acceso <\/div> <div class=\"subtitle\"> Rehabilitaci\u00f3n Parque Ecol\u00f3gico Xochimilco. CDMX. <\/div> <\/div> <\/div> <\/div> <\/div> <\/div> <\/div> <\/li> <li class=\"gallery-item gallery-0 col-xs-12 col-sm-6 col-md-3 item-animations-not-inited single-icon post-26898 page type-page status-publish\" style=\"\"> <div class=\"wrap gem-wrapbox-style-default\"> <div class=\"overlay-wrap\"> <div class=\"image-wrap \"> <picture> <source srcset=\"https:\/\/gdu.com.mx\/wp-content\/uploads\/2023\/03\/15zDJI_0048-thegem-portfolio-metro.jpg 1x\" sizes=\"100vw\"> <img src=\"https:\/\/gdu.com.mx\/wp-content\/uploads\/2023\/03\/15zDJI_0048-thegem-portfolio-metro.jpg\" width=\"890\" height=\"500\" class=\"attachment-thegem-portfolio-metro\" alt=\"Plaza\" \/> <\/picture> <\/div> <div class=\"overlay \"> <div class=\"overlay-circle\"><\/div> <a href=\"https:\/\/gdu.com.mx\/wp-content\/uploads\/2023\/03\/15zDJI_0048.jpg\" class=\"gallery-item-link fancy-gallery\" data-fancybox=\"gallery-69debfc2681d2\" aria-label=\"Fullsize Image: Plaza\"> <span class=\"slide-info\"> <span class=\"slide-info-title\"> Plaza <\/span> <span class=\"slide-info-summary\"> QUAD, Campus Corporativo Santa Fe. CDMX. <\/span> <\/span> <\/a> <div class=\"overlay-content\"> <div class=\"overlay-content-center\"> <div class=\"overlay-content-inner\"> <a href=\"https:\/\/gdu.com.mx\/wp-content\/uploads\/2023\/03\/15zDJI_0048.jpg\" class=\"icon photo \" aria-label=\"Fullsize Image: Plaza\"> <\/a> <div class=\"overlay-line\"><\/div> <div class=\"title\"> Plaza <\/div> <div class=\"subtitle\"> QUAD, Campus Corporativo Santa Fe. CDMX. <\/div> <\/div> <\/div> <\/div> <\/div> <\/div> <\/div> <\/li> <li class=\"gallery-item gallery-0 col-xs-12 col-sm-6 col-md-3 item-animations-not-inited single-icon post-26898 page type-page status-publish\" style=\"\"> <div class=\"wrap gem-wrapbox-style-default\"> <div class=\"overlay-wrap\"> <div class=\"image-wrap \"> <picture> <source srcset=\"https:\/\/gdu.com.mx\/wp-content\/uploads\/2023\/03\/01Boreal-thegem-portfolio-metro.jpg 1x\" sizes=\"100vw\"> <img src=\"https:\/\/gdu.com.mx\/wp-content\/uploads\/2023\/03\/01Boreal-thegem-portfolio-metro.jpg\" width=\"750\" height=\"500\" class=\"attachment-thegem-portfolio-metro\" alt=\"Plaza de acceso\" \/> <\/picture> <\/div> <div class=\"overlay \"> <div class=\"overlay-circle\"><\/div> <a href=\"https:\/\/gdu.com.mx\/wp-content\/uploads\/2023\/03\/01Boreal.jpg\" class=\"gallery-item-link fancy-gallery\" data-fancybox=\"gallery-69debfc2681d2\" aria-label=\"Fullsize Image: Plaza de acceso\"> <span class=\"slide-info\"> <span class=\"slide-info-title\"> Plaza de acceso <\/span> <span class=\"slide-info-summary\"> Desarrollo Boreal. Chihuahua, M\u00e9xico. <\/span> <\/span> <\/a> <div class=\"overlay-content\"> <div class=\"overlay-content-center\"> <div class=\"overlay-content-inner\"> <a href=\"https:\/\/gdu.com.mx\/wp-content\/uploads\/2023\/03\/01Boreal.jpg\" class=\"icon photo \" aria-label=\"Fullsize Image: Plaza de acceso\"> <\/a> <div class=\"overlay-line\"><\/div> <div class=\"title\"> Plaza de acceso <\/div> <div class=\"subtitle\"> Desarrollo Boreal. Chihuahua, M\u00e9xico. <\/div> <\/div> <\/div> <\/div> <\/div> <\/div> <\/div> <\/li> <li class=\"gallery-item gallery-0 col-xs-12 col-sm-6 col-md-3 item-animations-not-inited single-icon post-26898 page type-page status-publish\" style=\"\"> <div class=\"wrap gem-wrapbox-style-default\"> <div class=\"overlay-wrap\"> <div class=\"image-wrap \"> <picture> <source srcset=\"https:\/\/gdu.com.mx\/wp-content\/uploads\/2023\/03\/02Render-Nodo-Central-thegem-portfolio-metro.jpg 1x\" sizes=\"100vw\"> <img src=\"https:\/\/gdu.com.mx\/wp-content\/uploads\/2023\/03\/02Render-Nodo-Central-thegem-portfolio-metro.jpg\" width=\"772\" height=\"500\" class=\"attachment-thegem-portfolio-metro\" alt=\"Nodo Central\" \/> <\/picture> <\/div> <div class=\"overlay \"> <div class=\"overlay-circle\"><\/div> <a href=\"https:\/\/gdu.com.mx\/wp-content\/uploads\/2023\/03\/02Render-Nodo-Central.jpg\" class=\"gallery-item-link fancy-gallery\" data-fancybox=\"gallery-69debfc2681d2\" aria-label=\"Fullsize Image: Nodo Central\"> <span class=\"slide-info\"> <span class=\"slide-info-title\"> Nodo Central <\/span> <span class=\"slide-info-summary\"> Desarrollo Residencial Los Encinos. Monterrey, M\u00e9xico. <\/span> <\/span> <\/a> <div class=\"overlay-content\"> <div class=\"overlay-content-center\"> <div class=\"overlay-content-inner\"> <a href=\"https:\/\/gdu.com.mx\/wp-content\/uploads\/2023\/03\/02Render-Nodo-Central.jpg\" class=\"icon photo \" aria-label=\"Fullsize Image: Nodo Central\"> <\/a> <div class=\"overlay-line\"><\/div> <div class=\"title\"> Nodo Central <\/div> <div class=\"subtitle\"> Desarrollo Residencial Los Encinos. Monterrey, M\u00e9xico. <\/div> <\/div> <\/div> <\/div> <\/div> <\/div> <\/div> <\/li> <li class=\"gallery-item gallery-0 col-xs-12 col-sm-6 col-md-3 item-animations-not-inited single-icon post-26898 page type-page status-publish\" style=\"\"> <div class=\"wrap gem-wrapbox-style-default\"> <div class=\"overlay-wrap\"> <div class=\"image-wrap \"> <picture> <source srcset=\"https:\/\/gdu.com.mx\/wp-content\/uploads\/2023\/03\/03Plaza-acceso-residencial-thegem-portfolio-metro.jpg 1x\" sizes=\"100vw\"> <img src=\"https:\/\/gdu.com.mx\/wp-content\/uploads\/2023\/03\/03Plaza-acceso-residencial-thegem-portfolio-metro.jpg\" width=\"772\" height=\"500\" class=\"attachment-thegem-portfolio-metro\" alt=\"Plaza Acceso Residencial\" \/> <\/picture> <\/div> <div class=\"overlay \"> <div class=\"overlay-circle\"><\/div> <a href=\"https:\/\/gdu.com.mx\/wp-content\/uploads\/2023\/03\/03Plaza-acceso-residencial.jpg\" class=\"gallery-item-link fancy-gallery\" data-fancybox=\"gallery-69debfc2681d2\" aria-label=\"Fullsize Image: Plaza Acceso Residencial\"> <span class=\"slide-info\"> <span class=\"slide-info-title\"> Plaza Acceso Residencial <\/span> <span class=\"slide-info-summary\"> Desarrollo Paseo Country. M\u00e9rida, Yucat\u00e1n, M\u00e9xico. <\/span> <\/span> <\/a> <div class=\"overlay-content\"> <div class=\"overlay-content-center\"> <div class=\"overlay-content-inner\"> <a href=\"https:\/\/gdu.com.mx\/wp-content\/uploads\/2023\/03\/03Plaza-acceso-residencial.jpg\" class=\"icon photo \" aria-label=\"Fullsize Image: Plaza Acceso Residencial\"> <\/a> <div class=\"overlay-line\"><\/div> <div class=\"title\"> Plaza Acceso Residencial <\/div> <div class=\"subtitle\"> Desarrollo Paseo Country. M\u00e9rida, Yucat\u00e1n, M\u00e9xico. <\/div> <\/div> <\/div> <\/div> <\/div> <\/div> <\/div> <\/li> <li class=\"gallery-item gallery-0 col-xs-12 col-sm-6 col-md-3 item-animations-not-inited single-icon post-26898 page type-page status-publish\" style=\"\"> <div class=\"wrap gem-wrapbox-style-default\"> <div class=\"overlay-wrap\"> <div class=\"image-wrap \"> <picture> <source srcset=\"https:\/\/gdu.com.mx\/wp-content\/uploads\/2023\/03\/04-1-thegem-portfolio-metro.jpg 1x\" sizes=\"100vw\"> <img src=\"https:\/\/gdu.com.mx\/wp-content\/uploads\/2023\/03\/04-1-thegem-portfolio-metro.jpg\" width=\"1056\" height=\"500\" class=\"attachment-thegem-portfolio-metro\" alt=\"Plaza Central\" \/> <\/picture> <\/div> <div class=\"overlay \"> <div class=\"overlay-circle\"><\/div> <a href=\"https:\/\/gdu.com.mx\/wp-content\/uploads\/2023\/03\/04-1.jpg\" class=\"gallery-item-link fancy-gallery\" data-fancybox=\"gallery-69debfc2681d2\" aria-label=\"Fullsize Image: Plaza Central\"> <span class=\"slide-info\"> <span class=\"slide-info-title\"> Plaza Central <\/span> <span class=\"slide-info-summary\"> Parque La Mexicana. Santa Fe, CDMX. <\/span> <\/span> <\/a> <div class=\"overlay-content\"> <div class=\"overlay-content-center\"> <div class=\"overlay-content-inner\"> <a href=\"https:\/\/gdu.com.mx\/wp-content\/uploads\/2023\/03\/04-1.jpg\" class=\"icon photo \" aria-label=\"Fullsize Image: Plaza Central\"> <\/a> <div class=\"overlay-line\"><\/div> <div class=\"title\"> Plaza Central <\/div> <div class=\"subtitle\"> Parque La Mexicana. Santa Fe, CDMX. <\/div> <\/div> <\/div> <\/div> <\/div> <\/div> <\/div> <\/li> <li class=\"gallery-item gallery-0 col-xs-12 col-sm-6 col-md-3 item-animations-not-inited single-icon post-26898 page type-page status-publish\" style=\"\"> <div class=\"wrap gem-wrapbox-style-default\"> <div class=\"overlay-wrap\"> <div class=\"image-wrap \"> <picture> <source srcset=\"https:\/\/gdu.com.mx\/wp-content\/uploads\/2023\/03\/05-1-thegem-portfolio-metro.jpg 1x\" sizes=\"100vw\"> <img src=\"https:\/\/gdu.com.mx\/wp-content\/uploads\/2023\/03\/05-1-thegem-portfolio-metro.jpg\" width=\"772\" height=\"500\" class=\"attachment-thegem-portfolio-metro\" alt=\"Plaza Acceso Residencial\" \/> <\/picture> <\/div> <div class=\"overlay \"> <div class=\"overlay-circle\"><\/div> <a href=\"https:\/\/gdu.com.mx\/wp-content\/uploads\/2023\/03\/05-1.jpg\" class=\"gallery-item-link fancy-gallery\" data-fancybox=\"gallery-69debfc2681d2\" aria-label=\"Fullsize Image: Plaza Acceso Residencial\"> <span class=\"slide-info\"> <span class=\"slide-info-title\"> Plaza Acceso Residencial <\/span> <span class=\"slide-info-summary\"> Desarrollo Residencial Los Encinos. Monterrey, M\u00e9xico. <\/span> <\/span> <\/a> <div class=\"overlay-content\"> <div class=\"overlay-content-center\"> <div class=\"overlay-content-inner\"> <a href=\"https:\/\/gdu.com.mx\/wp-content\/uploads\/2023\/03\/05-1.jpg\" class=\"icon photo \" aria-label=\"Fullsize Image: Plaza Acceso Residencial\"> <\/a> <div class=\"overlay-line\"><\/div> <div class=\"title\"> Plaza Acceso Residencial <\/div> <div class=\"subtitle\"> Desarrollo Residencial Los Encinos. Monterrey, M\u00e9xico. <\/div> <\/div> <\/div> <\/div> <\/div> <\/div> <\/div> <\/li> <li class=\"gallery-item gallery-0 col-xs-12 col-sm-6 col-md-3 item-animations-not-inited single-icon post-26898 page type-page status-publish\" style=\"\"> <div class=\"wrap gem-wrapbox-style-default\"> <div class=\"overlay-wrap\"> <div class=\"image-wrap \"> <picture> <source srcset=\"https:\/\/gdu.com.mx\/wp-content\/uploads\/2023\/03\/06BOREAL_ABRIL2020_3040-thegem-portfolio-metro.jpg 1x\" sizes=\"100vw\"> <img src=\"https:\/\/gdu.com.mx\/wp-content\/uploads\/2023\/03\/06BOREAL_ABRIL2020_3040-thegem-portfolio-metro.jpg\" width=\"667\" height=\"500\" class=\"attachment-thegem-portfolio-metro\" alt=\"Plaza de acceso \/ Fuente\" \/> <\/picture> <\/div> <div class=\"overlay \"> <div class=\"overlay-circle\"><\/div> <a href=\"https:\/\/gdu.com.mx\/wp-content\/uploads\/2023\/03\/06BOREAL_ABRIL2020_3040.jpg\" class=\"gallery-item-link fancy-gallery\" data-fancybox=\"gallery-69debfc2681d2\" aria-label=\"Fullsize Image: Plaza de acceso \/ Fuente\"> <span class=\"slide-info\"> <span class=\"slide-info-title\"> Plaza de acceso \/ Fuente <\/span> <span class=\"slide-info-summary\"> Desarrollo Boreal. Chihuahua, M\u00e9xico. <\/span> <\/span> <\/a> <div class=\"overlay-content\"> <div class=\"overlay-content-center\"> <div class=\"overlay-content-inner\"> <a href=\"https:\/\/gdu.com.mx\/wp-content\/uploads\/2023\/03\/06BOREAL_ABRIL2020_3040.jpg\" class=\"icon photo \" aria-label=\"Fullsize Image: Plaza de acceso \/ Fuente\"> <\/a> <div class=\"overlay-line\"><\/div> <div class=\"title\"> Plaza de acceso \/ Fuente <\/div> <div class=\"subtitle\"> Desarrollo Boreal. Chihuahua, M\u00e9xico. <\/div> <\/div> <\/div> <\/div> <\/div> <\/div> <\/div> <\/li> <li class=\"gallery-item gallery-0 col-xs-12 col-sm-6 col-md-3 item-animations-not-inited single-icon post-26898 page type-page status-publish\" style=\"\"> <div class=\"wrap gem-wrapbox-style-default\"> <div class=\"overlay-wrap\"> <div class=\"image-wrap \"> <picture> <source srcset=\"https:\/\/gdu.com.mx\/wp-content\/uploads\/2023\/03\/07DJI_0022-thegem-portfolio-metro.jpg 1x\" sizes=\"100vw\"> <img src=\"https:\/\/gdu.com.mx\/wp-content\/uploads\/2023\/03\/07DJI_0022-thegem-portfolio-metro.jpg\" width=\"890\" height=\"500\" class=\"attachment-thegem-portfolio-metro\" alt=\"Plaza Central\" \/> <\/picture> <\/div> <div class=\"overlay \"> <div class=\"overlay-circle\"><\/div> <a href=\"https:\/\/gdu.com.mx\/wp-content\/uploads\/2023\/03\/07DJI_0022.jpg\" class=\"gallery-item-link fancy-gallery\" data-fancybox=\"gallery-69debfc2681d2\" aria-label=\"Fullsize Image: Plaza Central\"> <span class=\"slide-info\"> <span class=\"slide-info-title\"> Plaza Central <\/span> <span class=\"slide-info-summary\"> Rehabilitaci\u00f3n Parque de la Liberaci\u00f3n \u201cEl Dean\u201d. Guadalajara, Jalisco, M\u00e9xico. <\/span> <\/span> <\/a> <div class=\"overlay-content\"> <div class=\"overlay-content-center\"> <div class=\"overlay-content-inner\"> <a href=\"https:\/\/gdu.com.mx\/wp-content\/uploads\/2023\/03\/07DJI_0022.jpg\" class=\"icon photo \" aria-label=\"Fullsize Image: Plaza Central\"> <\/a> <div class=\"overlay-line\"><\/div> <div class=\"title\"> Plaza Central <\/div> <div class=\"subtitle\"> Rehabilitaci\u00f3n Parque de la Liberaci\u00f3n \u201cEl Dean\u201d. Guadalajara, Jalisco, M\u00e9xico. <\/div> <\/div> <\/div> <\/div> <\/div> <\/div> <\/div> <\/li> <li class=\"gallery-item gallery-0 col-xs-12 col-sm-6 col-md-3 item-animations-not-inited single-icon post-26898 page type-page status-publish\" style=\"\"> <div class=\"wrap gem-wrapbox-style-default\"> <div class=\"overlay-wrap\"> <div class=\"image-wrap \"> <picture> <source srcset=\"https:\/\/gdu.com.mx\/wp-content\/uploads\/2023\/03\/08DJI_0035-thegem-portfolio-metro.jpg 1x\" sizes=\"100vw\"> <img src=\"https:\/\/gdu.com.mx\/wp-content\/uploads\/2023\/03\/08DJI_0035-thegem-portfolio-metro.jpg\" width=\"890\" height=\"500\" class=\"attachment-thegem-portfolio-metro\" alt=\"Nodo\" \/> <\/picture> <\/div> <div class=\"overlay \"> <div class=\"overlay-circle\"><\/div> <a href=\"https:\/\/gdu.com.mx\/wp-content\/uploads\/2023\/03\/08DJI_0035.jpg\" class=\"gallery-item-link fancy-gallery\" data-fancybox=\"gallery-69debfc2681d2\" aria-label=\"Fullsize Image: Nodo\"> <span class=\"slide-info\"> <span class=\"slide-info-title\"> Nodo <\/span> <span class=\"slide-info-summary\"> Amanali Country Club & N\u00e1utica. Tepeji del R\u00edo, Hidalgo, M\u00e9xico. <\/span> <\/span> <\/a> <div class=\"overlay-content\"> <div class=\"overlay-content-center\"> <div class=\"overlay-content-inner\"> <a href=\"https:\/\/gdu.com.mx\/wp-content\/uploads\/2023\/03\/08DJI_0035.jpg\" class=\"icon photo \" aria-label=\"Fullsize Image: Nodo\"> <\/a> <div class=\"overlay-line\"><\/div> <div class=\"title\"> Nodo <\/div> <div class=\"subtitle\"> Amanali Country Club & N\u00e1utica. Tepeji del R\u00edo, Hidalgo, M\u00e9xico. <\/div> <\/div> <\/div> <\/div> <\/div> <\/div> <\/div> <\/li> <li class=\"gallery-item gallery-0 col-xs-12 col-sm-6 col-md-3 item-animations-not-inited single-icon post-26898 page type-page status-publish\" style=\"\"> <div class=\"wrap gem-wrapbox-style-default\"> <div class=\"overlay-wrap\"> <div class=\"image-wrap \"> <picture> <source srcset=\"https:\/\/gdu.com.mx\/wp-content\/uploads\/2023\/03\/09DSC06859-thegem-portfolio-metro.jpg 1x\" sizes=\"100vw\"> <img src=\"https:\/\/gdu.com.mx\/wp-content\/uploads\/2023\/03\/09DSC06859-thegem-portfolio-metro.jpg\" width=\"749\" height=\"500\" class=\"attachment-thegem-portfolio-metro\" alt=\"Plaza de la Fundaci\u00f3n\" \/> <\/picture> <\/div> <div class=\"overlay \"> <div class=\"overlay-circle\"><\/div> <a href=\"https:\/\/gdu.com.mx\/wp-content\/uploads\/2023\/03\/09DSC06859.jpg\" class=\"gallery-item-link fancy-gallery\" data-fancybox=\"gallery-69debfc2681d2\" aria-label=\"Fullsize Image: Plaza de la Fundaci\u00f3n\"> <span class=\"slide-info\"> <span class=\"slide-info-title\"> Plaza de la Fundaci\u00f3n <\/span> <span class=\"slide-info-summary\"> San Pedro Creek Culture Park. San Antonio, Texas, Estados Unidos. <\/span> <\/span> <\/a> <div class=\"overlay-content\"> <div class=\"overlay-content-center\"> <div class=\"overlay-content-inner\"> <a href=\"https:\/\/gdu.com.mx\/wp-content\/uploads\/2023\/03\/09DSC06859.jpg\" class=\"icon photo \" aria-label=\"Fullsize Image: Plaza de la Fundaci\u00f3n\"> <\/a> <div class=\"overlay-line\"><\/div> <div class=\"title\"> Plaza de la Fundaci\u00f3n <\/div> <div class=\"subtitle\"> San Pedro Creek Culture Park. San Antonio, Texas, Estados Unidos. <\/div> <\/div> <\/div> <\/div> <\/div> <\/div> <\/div> <\/li> <li class=\"gallery-item gallery-0 col-xs-12 col-sm-6 col-md-3 item-animations-not-inited single-icon post-26898 page type-page status-publish\" style=\"\"> <div class=\"wrap gem-wrapbox-style-default\"> <div class=\"overlay-wrap\"> <div class=\"image-wrap \"> <picture> <source srcset=\"https:\/\/gdu.com.mx\/wp-content\/uploads\/2023\/03\/10HDR-2-PARQUE-LA-MEXICANA-thegem-portfolio-metro.jpg 1x\" sizes=\"100vw\"> <img src=\"https:\/\/gdu.com.mx\/wp-content\/uploads\/2023\/03\/10HDR-2-PARQUE-LA-MEXICANA-thegem-portfolio-metro.jpg\" width=\"910\" height=\"500\" class=\"attachment-thegem-portfolio-metro\" alt=\"Plaza Central\" \/> <\/picture> <\/div> <div class=\"overlay \"> <div class=\"overlay-circle\"><\/div> <a href=\"https:\/\/gdu.com.mx\/wp-content\/uploads\/2023\/03\/10HDR-2-PARQUE-LA-MEXICANA.jpg\" class=\"gallery-item-link fancy-gallery\" data-fancybox=\"gallery-69debfc2681d2\" aria-label=\"Fullsize Image: Plaza Central\"> <span class=\"slide-info\"> <span class=\"slide-info-title\"> Plaza Central <\/span> <span class=\"slide-info-summary\"> Parque La Mexicana. Santa Fe, CDMX. <\/span> <\/span> <\/a> <div class=\"overlay-content\"> <div class=\"overlay-content-center\"> <div class=\"overlay-content-inner\"> <a href=\"https:\/\/gdu.com.mx\/wp-content\/uploads\/2023\/03\/10HDR-2-PARQUE-LA-MEXICANA.jpg\" class=\"icon photo \" aria-label=\"Fullsize Image: Plaza Central\"> <\/a> <div class=\"overlay-line\"><\/div> <div class=\"title\"> Plaza Central <\/div> <div class=\"subtitle\"> Parque La Mexicana. Santa Fe, CDMX. <\/div> <\/div> <\/div> <\/div> <\/div> <\/div> <\/div> <\/li> <li class=\"gallery-item gallery-0 col-xs-12 col-sm-6 col-md-3 item-animations-not-inited single-icon post-26898 page type-page status-publish\" style=\"\"> <div class=\"wrap gem-wrapbox-style-default\"> <div class=\"overlay-wrap\"> <div class=\"image-wrap \"> <picture> <source srcset=\"https:\/\/gdu.com.mx\/wp-content\/uploads\/2023\/03\/11IMG_0221-thegem-portfolio-metro.jpg 1x\" sizes=\"100vw\"> <img src=\"https:\/\/gdu.com.mx\/wp-content\/uploads\/2023\/03\/11IMG_0221-thegem-portfolio-metro.jpg\" width=\"750\" height=\"500\" class=\"attachment-thegem-portfolio-metro\" alt=\"Plaza cuadrante 1\" \/> <\/picture> <\/div> <div class=\"overlay \"> <div class=\"overlay-circle\"><\/div> <a href=\"https:\/\/gdu.com.mx\/wp-content\/uploads\/2023\/03\/11IMG_0221.jpg\" class=\"gallery-item-link fancy-gallery\" data-fancybox=\"gallery-69debfc2681d2\" aria-label=\"Fullsize Image: Plaza cuadrante 1\"> <span class=\"slide-info\"> <span class=\"slide-info-title\"> Plaza cuadrante 1 <\/span> <span class=\"slide-info-summary\"> Tecnoparque Campus Corporativo. Azcapotzalco, CDMX. <\/span> <\/span> <\/a> <div class=\"overlay-content\"> <div class=\"overlay-content-center\"> <div class=\"overlay-content-inner\"> <a href=\"https:\/\/gdu.com.mx\/wp-content\/uploads\/2023\/03\/11IMG_0221.jpg\" class=\"icon photo \" aria-label=\"Fullsize Image: Plaza cuadrante 1\"> <\/a> <div class=\"overlay-line\"><\/div> <div class=\"title\"> Plaza cuadrante 1 <\/div> <div class=\"subtitle\"> Tecnoparque Campus Corporativo. Azcapotzalco, CDMX. <\/div> <\/div> <\/div> <\/div> <\/div> <\/div> <\/div> <\/li> <li class=\"gallery-item gallery-0 col-xs-12 col-sm-6 col-md-3 item-animations-not-inited single-icon post-26898 page type-page status-publish\" style=\"\"> <div class=\"wrap gem-wrapbox-style-default\"> <div class=\"overlay-wrap\"> <div class=\"image-wrap \"> <picture> <source srcset=\"https:\/\/gdu.com.mx\/wp-content\/uploads\/2023\/03\/12IMG15-thegem-portfolio-metro.jpg 1x\" sizes=\"100vw\"> <img src=\"https:\/\/gdu.com.mx\/wp-content\/uploads\/2023\/03\/12IMG15-thegem-portfolio-metro.jpg\" width=\"755\" height=\"500\" class=\"attachment-thegem-portfolio-metro\" alt=\"Plaza de Acceso\" \/> <\/picture> <\/div> <div class=\"overlay \"> <div class=\"overlay-circle\"><\/div> <a href=\"https:\/\/gdu.com.mx\/wp-content\/uploads\/2023\/03\/12IMG15.jpg\" class=\"gallery-item-link fancy-gallery\" data-fancybox=\"gallery-69debfc2681d2\" aria-label=\"Fullsize Image: Plaza de Acceso\"> <span class=\"slide-info\"> <span class=\"slide-info-title\"> Plaza de Acceso <\/span> <span class=\"slide-info-summary\"> Club de Golf Malinalco. Malinalco, Estado de M\u00e9xico. <\/span> <\/span> <\/a> <div class=\"overlay-content\"> <div class=\"overlay-content-center\"> <div class=\"overlay-content-inner\"> <a href=\"https:\/\/gdu.com.mx\/wp-content\/uploads\/2023\/03\/12IMG15.jpg\" class=\"icon photo \" aria-label=\"Fullsize Image: Plaza de Acceso\"> <\/a> <div class=\"overlay-line\"><\/div> <div class=\"title\"> Plaza de Acceso <\/div> <div class=\"subtitle\"> Club de Golf Malinalco. Malinalco, Estado de M\u00e9xico. <\/div> <\/div> <\/div> <\/div> <\/div> <\/div> <\/div> <\/li> <\/ul> <div class=\"portfolio-item-size-container\"> <li class=\"gallery-item size-item col-xs-12 col-sm-6 col-md-3 post-26898 page type-page status-publish\" style=\"\"> <\/li> <\/div> <\/div> <\/div> <\/div> <\/div>[\/vc_column][\/vc_row]<\/p>\n<\/div>","protected":false},"excerpt":{"rendered":"<p>[vc_row css=&#8221;.vc_custom_1678806418616{margin-top: 120px !important;margin-bottom: 120px !important;}&#8221;][vc_column][\/vc_column][\/vc_row]<\/p>\n","protected":false},"author":2,"featured_media":0,"parent":0,"menu_order":0,"comment_status":"closed","ping_status":"closed","template":"","meta":{"footnotes":""},"class_list":["post-26898","page","type-page","status-publish"],"_links":{"self":[{"href":"https:\/\/gdu.com.mx\/en\/wp-json\/wp\/v2\/pages\/26898","targetHints":{"allow":["GET"]}}],"collection":[{"href":"https:\/\/gdu.com.mx\/en\/wp-json\/wp\/v2\/pages"}],"about":[{"href":"https:\/\/gdu.com.mx\/en\/wp-json\/wp\/v2\/types\/page"}],"author":[{"embeddable":true,"href":"https:\/\/gdu.com.mx\/en\/wp-json\/wp\/v2\/users\/2"}],"replies":[{"embeddable":true,"href":"https:\/\/gdu.com.mx\/en\/wp-json\/wp\/v2\/comments?post=26898"}],"version-history":[{"count":0,"href":"https:\/\/gdu.com.mx\/en\/wp-json\/wp\/v2\/pages\/26898\/revisions"}],"wp:attachment":[{"href":"https:\/\/gdu.com.mx\/en\/wp-json\/wp\/v2\/media?parent=26898"}],"curies":[{"name":"wp","href":"https:\/\/api.w.org\/{rel}","templated":true}]}}