{"id":26808,"date":"2023-03-08T08:38:14","date_gmt":"2023-03-08T14:38:14","guid":{"rendered":"https:\/\/gdu.com.mx\/reconocimientos\/"},"modified":"2023-05-18T13:34:25","modified_gmt":"2023-05-18T19:34:25","slug":"awards","status":"publish","type":"page","link":"https:\/\/gdu.com.mx\/en\/awards\/","title":{"rendered":"Awards"},"content":{"rendered":"<div class=\"wpb-content-wrapper\"><p>[vc_row css=&#8221;.vc_custom_1678233578230{margin-top: 120px !important;margin-bottom: 90px !important;}&#8221;][vc_column][vc_custom_heading text=&#8221;Awards and distinctions to Mario Schjetnan&#8221; use_theme_fonts=&#8221;yes&#8221;][vc_column_text css=&#8221;.vc_custom_1684438146360{margin-bottom: 45px !important;}&#8221;]<strong>2022<\/strong> | Medal to Merit in Arts &#8211; Congreso de la Ciudad de M\u00e9xico, CDMX.<br \/>\n<strong>2019<\/strong> | Dr. Jorge Camberos Garibi Medal in Architecture and Urbanism &#8211; Tributo Arpafil, Guadalajara, Jalisco.<br \/>\n<strong>2019<\/strong> | Noldi Schreck Award, Recognition of his career &#8211; Glocal Magazine, Mexico.<br \/>\n<strong>2018<\/strong> | Elise and Walter A. Haas International Award &#8211; University of California, Berkeley, for his career and contribution to society.<br \/>\n<strong>2017<\/strong> | Lorenzo H. Zambrano Award &#8211; CEMEX, to the professional path.<br \/>\n<strong>2017<\/strong> | An\u00e1huac Medal in Architecture &#8211; Awarded for his personal and professional career, University of An\u00e1huac, CDMX.<br \/>\n<strong>2017<\/strong> | Azcapotzalco Medal &#8211; Alcald\u00eda Azcapotzalco por sus contribuciones a Azcapotzalco, CDMX.<br \/>\n<strong>2015<\/strong> | <strong>Sir Geoffrey Jellicoe Award &#8211; International Federation of Landscape Architects (IFLA).<\/strong><br \/>\n<span style=\"display: inline-block; margin-left: 40px;\">\u201cThe highest honor awarded to a landscape architect in life for his career dedicated to the improvement of the landscape, the city and the environment and the integral development of the profession.\u201d<\/span><br \/>\n<strong>2013<\/strong> | <strong>Member of number &#8211; Academia de Artes de M\u00e9xico.<\/strong><br \/>\n<strong>2010<\/strong> | Mar\u00eda Ignacia Rodr\u00edguez de Velasco Award &#8211; Federaci\u00f3n de Colegio de Arquitectos de la Rep\u00fablica Mexicana<br \/>\n<strong>2006<\/strong> | John R. Bracken Fellow in Landscape Architecture &#8211; University of Pennsylvania, United States.<br \/>\n<strong>2004<\/strong> | Distinguished Alumni Award &#8211; University of California, Berkeley, College of Environmental Design.<br \/>\n<strong>2002<\/strong> | Acad\u00e9mico Em\u00e9rito &#8211; Academia Nacional de Arquitectura, M\u00e9xico.<br \/>\n<strong>1995<\/strong> | Doctor Honoris Causa in Architecture &#8211; Facultad de Arquitectura en la Universidad Aut\u00f3noma de Nuevo Le\u00f3n, M\u00e9xico.<br \/>\n<strong>1995<\/strong> | Loeb Scholarship in Advanced Environmental Studies &#8211; Graduate School of Design, Harvard University.<br \/>\n<strong>1995<\/strong> | Fellow (Distinguished Member) &#8211; Sociedad Norteamericana de Arquitectos Paisajistas, ASLA, Washington, Estados Unidos.<br \/>\n<strong>1985<\/strong> | Bradford Williams Award &#8211; Sociedad Americana de Arquitectos Paisajistas (ASLA), Estados Unidos.<br \/>\n<strong>1984<\/strong> | Member &#8211; Academia Nacional de Arquitectura, M\u00e9xico.<br \/>\n<strong>1982<\/strong> | President &#8211; Sociedad de Arquitectos Paisajistas de M\u00e9xico (SAPM).<br \/>\n<strong>1975<\/strong> | Member &#8211; Colegio de Arquitectos de la Ciudad de M\u00e9xico.<br \/>\n<strong>1975<\/strong> | Member and founder &#8211; Sociedad de Arquitecto Paisajistas de M\u00e9xico (SAPM).<br \/>\n<strong>2009<\/strong> | Jury Award, Chapultepec Park Rehabilitation Signage. Society for Experential Graphic Design, Wayfinding Awards.<br \/>\n<strong>2008<\/strong> | Acknowledgement Prize, Los Itzicuaros Park. Lafarge Holcim Awards for Sustainable Construction.<br \/>\n<strong>2008<\/strong> | Honor Award for General Design, Fountain Promenade at Chapultepec Park. Professional Awards, American Society of Landscape Architects, ASLA.<br \/>\n<strong>2007<\/strong> | Honor Award for General Design, Malinalco House. Professional Awards, American Society of Landscape Architects, ASLA.<br \/>\n<strong>2006<\/strong> | Silver Medal, Rehabilitation of Chapultepec Park. IX Mexican Architecture Biennale.<br \/>\n<strong>2006<\/strong> | Honorable Mention, Tecnoparque. IX Mexican Architecture Biennale.<br \/>\n<strong>2002<\/strong> | Honorable Mention, Siglum Tower. VII Mexican Architecture Biennale.<br \/>\n<strong>2001<\/strong> | First Prize in Urban Landscape, Malinalco Golf Club. Marble Architectural Awards, Internazionale Marmi e Macchine Carrara (IMM Carrara).<br \/>\n<strong>1999<\/strong> | Great Latin American Award, Museum of Northern Cultures. Buenos Aires International 1999 | Architecture Biennale.<br \/>\n<strong>1998<\/strong> | Honor Award, Malinalco Club Golf. Professional Awards, American Society of Landscape Architects, ASLA.<br \/>\n<strong>1998<\/strong> | Award of Excellence, El Cedazo Park. Professional Awards, American Society of Landscape Architects, ASLA.<br \/>\n<strong>1996<\/strong> | Veronica Rudge Green Prize in Urban Design, Xochimilco Ecological Park, Harvard Univesity.<br \/>\n<strong>1995<\/strong> | Honor Roll of Urban Parks, Tezoz\u00f3moc &#8211; American Society of Landscape Architects, ASLA.<br \/>\n<strong>1994<\/strong> | Merit Award Design, Xochimilco Ecological Park. Professional Awards, American Society of Landscape Architects, ASLA.<br \/>\n<strong>1994<\/strong> | Honorable Mention, Xochimilco Ecological Park. III Mexican Architecture Biennale.<br \/>\n<strong>1992<\/strong> | Honor Award for Design, Culhuac\u00e1n Historical Park. Professional Awards, American Society of Landscape Architects, ASLA.<br \/>\n<strong>1992<\/strong> | Silver Medal, Culhuac\u00e1n Historical Park. III Mexican Architecture Biennale.<br \/>\n<strong>1992<\/strong> | Excellence on the Waterfront, Xochimilco Ecological Park, The Waterfront Center.<br \/>\n<strong>1991<\/strong> | International Academy of Architecture Award, Mexico State Cultural Center. Buenos Aires International Architecture Biennale.<br \/>\n<strong>1989<\/strong> | Award of Excellence, Tezozomoc Park. Professional Awards, American Sociery of Landscape Architects, ASLA.[\/vc_column_text][vc_custom_heading text=&#8221;Awards and distinctions to Mario Schjetnan \/ Grupo de Dise\u00f1o Urbano&#8221; use_theme_fonts=&#8221;yes&#8221;][vc_column_text]<strong>2022<\/strong> | Honor Award, La Mexicana Park. | Human City Design Award, South Korea.<br \/>\n<strong>2021<\/strong> | Contruction of the year in Urban Planning and Urban Equipment, Xochimilco Ecological Park &#8211; Obras Award, Grupo Expansi\u00f3n.<br \/>\n<strong>2021<\/strong> | Finalist Rosa Barba International Landscape Award, Architecture Biennale in Barcelona La Mexicana Park.<br \/>\n<strong>2020<\/strong> | Panamerican Award, Intervention in Public and\/or Collective Space, La Mexicana Park. Architecture Biennale in Quito, 2020.<br \/>\n<strong>2018<\/strong> | Construction of the year &#8211; La Mexicana Park, Obras Award, Grupo Expansi\u00f3n.<br \/>\n<strong>2017<\/strong> | Medalla de Plata Bienal de Arquitectura de la Ciudad de M\u00e9xico &#8211; Remediaci\u00f3n Plan IMMSA III Bienal de la Ciudad de M\u00e9xico.<br \/>\n<strong>2016<\/strong> | Obras Award, 10 Game-Changing Firms. Obras Magazine.<br \/>\n<strong>2015<\/strong> | Project of the Year, Street Furniture and Urbanism, La Cortadura Canal. Obras Magazine, Expansion Group.<br \/>\n<strong>2014<\/strong> | First Prize in the Mexican Landscape Biennale, Natura Garden. 1st Latin American Landscape Biennale \/ 3rd Mexican Landscape Biennale.<br \/>\n<strong>2013<\/strong> | Silver Medal, Natura Garden. 1st Mexico City Architecture Biennale.<br \/>\n<strong>2013<\/strong> | Best Landscape Architecture, Natura Garden. International Property Awards, Americas.<br \/>\n<strong>2013<\/strong> | Highly Commended Public Service Architecture Mexico, Copalita Eco-Archaeological Park. International Property Awards, Americas.<br \/>\n<strong>2012<\/strong> | Honor Award for Residential Design, Malinalco Residence. Professional Awards, American Society of Landscape Architects, ASLA.<br \/>\n<strong>2012<\/strong> | Honorable Mention, Chapulco Lagoon. XII Mexican Architecture Biennale.<br \/>\n<strong>2012<\/strong> | Silver Medal, Copalita Eco-Archaeological Park. XII Mexican Architecture Biennale.<br \/>\n<strong>2012<\/strong> | Silver Medal, Probiomed. XII Mexican Architecture Biennale.<br \/>\n<strong>2011<\/strong> | Third Prize in Sustainable Construction, Bicentennial Park San Luis Potos\u00ed. CEMEX Awards.<br \/>\n<strong>2011<\/strong> | First Prize in Urban Green Spaces, Chapulco Lagoon. Torsanlorenzo International Prize, International Union of Architects, UIA.<br \/>\n<strong>2010<\/strong> | Green Good Design Award, Tecnoparque &#8211; The Chicago Athenaeum, Museum of Architecture and Design.<br \/>\n<strong>2010<\/strong> | Honorable Mention for Historic Preservation Design, Rehabilitation of Chapultepec Park. Designing the Parks Award, National Park Service, USA.<br \/>\n<strong>2010<\/strong> | Honorable Mention, Amanali Country Club &amp; Nautica. XI Mexican Architecture Biennale.[\/vc_column_text][\/vc_column][\/vc_row]<\/p>\n<\/div>","protected":false},"excerpt":{"rendered":"<p>[vc_row css=&#8221;.vc_custom_1678233578230{margin-top: 120px !important;margin-bottom: 90px !important;}&#8221;][vc_column][vc_custom_heading text=&#8221;Awards and distinctions to Mario Schjetnan&#8221; use_theme_fonts=&#8221;yes&#8221;][vc_column_text css=&#8221;.vc_custom_1684438146360{margin-bottom: 45px !important;}&#8221;]2022 | Medal to Merit&#8230;<\/p>\n","protected":false},"author":2,"featured_media":0,"parent":0,"menu_order":0,"comment_status":"closed","ping_status":"closed","template":"","meta":{"footnotes":""},"class_list":["post-26808","page","type-page","status-publish"],"_links":{"self":[{"href":"https:\/\/gdu.com.mx\/en\/wp-json\/wp\/v2\/pages\/26808","targetHints":{"allow":["GET"]}}],"collection":[{"href":"https:\/\/gdu.com.mx\/en\/wp-json\/wp\/v2\/pages"}],"about":[{"href":"https:\/\/gdu.com.mx\/en\/wp-json\/wp\/v2\/types\/page"}],"author":[{"embeddable":true,"href":"https:\/\/gdu.com.mx\/en\/wp-json\/wp\/v2\/users\/2"}],"replies":[{"embeddable":true,"href":"https:\/\/gdu.com.mx\/en\/wp-json\/wp\/v2\/comments?post=26808"}],"version-history":[{"count":0,"href":"https:\/\/gdu.com.mx\/en\/wp-json\/wp\/v2\/pages\/26808\/revisions"}],"wp:attachment":[{"href":"https:\/\/gdu.com.mx\/en\/wp-json\/wp\/v2\/media?parent=26808"}],"curies":[{"name":"wp","href":"https:\/\/api.w.org\/{rel}","templated":true}]}}